{"id":6746,"date":"2019-11-22T21:36:51","date_gmt":"2019-11-22T20:36:51","guid":{"rendered":"https:\/\/eternelparisien.fr\/the-e-p-brand\/"},"modified":"2025-09-04T15:22:46","modified_gmt":"2025-09-04T13:22:46","slug":"about-ep","status":"publish","type":"page","link":"https:\/\/eternelparisien.fr\/en\/about-ep\/","title":{"rendered":"the \u00e9.p. brand"},"content":{"rendered":"<div class=\"wpb-content-wrapper\"><p>[vc_row][vc_column align=&#8221;center&#8221;][vc_column_text css=&#8221;&#8221; spacing_heading=&#8221;&#8221; spacing_heading_tab=&#8221;&#8221; spacing_heading_mobile=&#8221;&#8221; el_class=&#8221;maison-text&#8221;]<\/p>\n<h2 style=\"text-align: center;\">\u00c9ternel Parisien,<br \/>\n<em>Accessories in Capitale<\/em><\/h2>\n<h2 style=\"text-align: center;\"><\/h2>\n<p>[\/vc_column_text][vc_empty_space][vc_empty_space][\/vc_column][\/vc_row][vc_row fullwidth=&#8221;has-fullwidth-column&#8221;][vc_column][vc_column_text css=&#8221;&#8221; spacing_heading=&#8221;&#8221; spacing_heading_tab=&#8221;&#8221; spacing_heading_mobile=&#8221;&#8221; el_class=&#8221;maison-text&#8221;]<\/p>\n<h3 style=\"text-align: center;\">Lovers of the Capital, eternally inspired by its essence.<br data-start=\"147\" data-end=\"150\" \/>Respecting its detractors, we will never cease to defend it.<br data-start=\"210\" data-end=\"213\" \/>Unlike fleeting trends,<br data-start=\"236\" data-end=\"239\" \/>we favor style and discreet elegance.<br data-start=\"276\" data-end=\"279\" \/>Our impertinence and insolence, tinged with humor,<br data-start=\"329\" data-end=\"332\" \/>offer a different perspective on things.<br data-start=\"372\" data-end=\"375\" \/>By creating in France, Spain, and Italy\u2014and proudly claiming it,<br data-start=\"439\" data-end=\"442\" \/>we craft our limited-edition creations at our own pace.<br data-start=\"497\" data-end=\"500\" \/>With humanity at the heart of our project,<br data-start=\"542\" data-end=\"545\" \/>we design only when inspiration moves us.<br data-start=\"586\" data-end=\"589\" \/>In honoring the know-how of our artisans and their pride,<br data-start=\"646\" data-end=\"649\" \/>we earnestly wish to share our passion.<\/h3>\n<p>[\/vc_column_text][vc_empty_space][vc_empty_space][\/vc_column][\/vc_row][vc_row fullwidth=&#8221;has-fullwidth-column&#8221; el_id=&#8221;contact&#8221;][vc_column width=&#8221;1\/4&#8243;][\/vc_column][vc_column width=&#8221;1\/2&#8243; align=&#8221;center&#8221;][vc_column_text spacing_heading=&#8221;&#8221; spacing_heading_tab=&#8221;&#8221; spacing_heading_mobile=&#8221;&#8221; el_class=&#8221;maison-text&#8221; el_id=&#8221;contact&#8221;]<\/p>\n<h2 style=\"text-align: center;\">Contact<\/h2>\n<p style=\"text-align: center;\">\u00e9ternel parisien<br \/>\n<a href=\"mailto:contact@eternelparsien.fr\">contact@eternelparisien.fr<\/a><\/p>\n<p>[\/vc_column_text][vc_empty_space height=&#8221;25&#8243;][vc_empty_space][\/vc_column][vc_column width=&#8221;1\/4&#8243;][\/vc_column][\/vc_row]<\/p>\n<\/div>","protected":false},"excerpt":{"rendered":"<p>[vc_row][vc_column align=&#8221;center&#8221;][vc_column_text css=&#8221;&#8221; spacing_heading=&#8221;&#8221; spacing_heading_tab=&#8221;&#8221; spacing_heading_mobile=&#8221;&#8221; el_class=&#8221;maison-text&#8221;] \u00c9ternel Parisien, Accessories in Capitale [\/vc_column_text][vc_empty_space][vc_empty_space][\/vc_column][\/vc_row][vc_row fullwidth=&#8221;has-fullwidth-column&#8221;][vc_column][vc_column_text css=&#8221;&#8221; spacing_heading=&#8221;&#8221; spacing_heading_tab=&#8221;&#8221; spacing_heading_mobile=&#8221;&#8221; el_class=&#8221;maison-text&#8221;] Lovers of the Capital, eternally inspired by its essence.Respecting its detractors, we will never cease to defend it.Unlike fleeting trends,we favor style and discreet elegance.Our impertinence and insolence, tinged with humor,offer a different perspective on things.By [&hellip;]<\/p>\n","protected":false},"author":1,"featured_media":0,"parent":0,"menu_order":0,"comment_status":"closed","ping_status":"closed","template":"","meta":{"inline_featured_image":false,"footnotes":""},"class_list":["post-6746","page","type-page","status-publish","hentry"],"yoast_head":"<!-- This site is optimized with the Yoast SEO plugin v25.3.1 - https:\/\/yoast.com\/wordpress\/plugins\/seo\/ -->\n<title>the \u00e9.p. brand | \u00c9ternel Parisien<\/title>\n<meta name=\"description\" content=\"\u00c9ternel Parisien, more than a brand \u2013 a philosophy, a signature, a spirit, a Made-in-Paris style. Discover who we are, our principles and our commitments.\" \/>\n<meta name=\"robots\" content=\"index, follow, max-snippet:-1, max-image-preview:large, max-video-preview:-1\" \/>\n<link rel=\"canonical\" href=\"https:\/\/eternelparisien.fr\/en\/about-ep\/\" \/>\n<meta property=\"og:locale\" content=\"en_US\" \/>\n<meta property=\"og:type\" content=\"article\" \/>\n<meta property=\"og:title\" content=\"the \u00e9.p. brand | \u00c9ternel Parisien\" \/>\n<meta property=\"og:description\" content=\"\u00c9ternel Parisien, more than a brand \u2013 a philosophy, a signature, a spirit, a Made-in-Paris style. Discover who we are, our principles and our commitments.\" \/>\n<meta property=\"og:url\" content=\"https:\/\/eternelparisien.fr\/en\/about-ep\/\" \/>\n<meta property=\"og:site_name\" content=\"\u00c9ternel Parisien\" \/>\n<meta property=\"article:publisher\" content=\"https:\/\/www.facebook.com\/eternelparisien\/\" \/>\n<meta property=\"article:modified_time\" content=\"2025-09-04T13:22:46+00:00\" \/>\n<meta name=\"twitter:card\" content=\"summary_large_image\" \/>\n<meta name=\"twitter:label1\" content=\"Est. reading time\" \/>\n\t<meta name=\"twitter:data1\" content=\"1 minute\" \/>\n<script type=\"application\/ld+json\" class=\"yoast-schema-graph\">{\"@context\":\"https:\/\/schema.org\",\"@graph\":[{\"@type\":\"WebPage\",\"@id\":\"https:\/\/eternelparisien.fr\/en\/about-ep\/\",\"url\":\"https:\/\/eternelparisien.fr\/en\/about-ep\/\",\"name\":\"the \u00e9.p. brand | \u00c9ternel Parisien\",\"isPartOf\":{\"@id\":\"https:\/\/eternelparisien.fr\/en\/#website\"},\"datePublished\":\"2019-11-22T20:36:51+00:00\",\"dateModified\":\"2025-09-04T13:22:46+00:00\",\"description\":\"\u00c9ternel Parisien, more than a brand \u2013 a philosophy, a signature, a spirit, a Made-in-Paris style. Discover who we are, our principles and our commitments.\",\"breadcrumb\":{\"@id\":\"https:\/\/eternelparisien.fr\/en\/about-ep\/#breadcrumb\"},\"inLanguage\":\"en-US\",\"potentialAction\":[{\"@type\":\"ReadAction\",\"target\":[\"https:\/\/eternelparisien.fr\/en\/about-ep\/\"]}]},{\"@type\":\"BreadcrumbList\",\"@id\":\"https:\/\/eternelparisien.fr\/en\/about-ep\/#breadcrumb\",\"itemListElement\":[{\"@type\":\"ListItem\",\"position\":1,\"name\":\"Home\",\"item\":\"https:\/\/eternelparisien.fr\/en\/\"},{\"@type\":\"ListItem\",\"position\":2,\"name\":\"the \u00e9.p. brand\"}]},{\"@type\":\"WebSite\",\"@id\":\"https:\/\/eternelparisien.fr\/en\/#website\",\"url\":\"https:\/\/eternelparisien.fr\/en\/\",\"name\":\"\u00c9ternel Parisien\",\"description\":\"\u00c9ternel Parisien\",\"publisher\":{\"@id\":\"https:\/\/eternelparisien.fr\/en\/#organization\"},\"potentialAction\":[{\"@type\":\"SearchAction\",\"target\":{\"@type\":\"EntryPoint\",\"urlTemplate\":\"https:\/\/eternelparisien.fr\/en\/?s={search_term_string}\"},\"query-input\":{\"@type\":\"PropertyValueSpecification\",\"valueRequired\":true,\"valueName\":\"search_term_string\"}}],\"inLanguage\":\"en-US\"},{\"@type\":\"Organization\",\"@id\":\"https:\/\/eternelparisien.fr\/en\/#organization\",\"name\":\"Eternel Parisien\",\"url\":\"https:\/\/eternelparisien.fr\/en\/\",\"logo\":{\"@type\":\"ImageObject\",\"inLanguage\":\"en-US\",\"@id\":\"https:\/\/eternelparisien.fr\/en\/#\/schema\/logo\/image\/\",\"url\":\"https:\/\/local.eternelparisien.fr\/wp-content\/uploads\/2019\/11\/Green-logo-1000.png\",\"contentUrl\":\"https:\/\/local.eternelparisien.fr\/wp-content\/uploads\/2019\/11\/Green-logo-1000.png\",\"width\":1000,\"height\":1001,\"caption\":\"Eternel Parisien\"},\"image\":{\"@id\":\"https:\/\/eternelparisien.fr\/en\/#\/schema\/logo\/image\/\"},\"sameAs\":[\"https:\/\/www.facebook.com\/eternelparisien\/\",\"https:\/\/www.instagram.com\/eternelparisien\/\",\"https:\/\/www.linkedin.com\/company\/eternel-parisien\"]}]}<\/script>\n<!-- \/ Yoast SEO plugin. -->","yoast_head_json":{"title":"the \u00e9.p. brand | \u00c9ternel Parisien","description":"\u00c9ternel Parisien, more than a brand \u2013 a philosophy, a signature, a spirit, a Made-in-Paris style. Discover who we are, our principles and our commitments.","robots":{"index":"index","follow":"follow","max-snippet":"max-snippet:-1","max-image-preview":"max-image-preview:large","max-video-preview":"max-video-preview:-1"},"canonical":"https:\/\/eternelparisien.fr\/en\/about-ep\/","og_locale":"en_US","og_type":"article","og_title":"the \u00e9.p. brand | \u00c9ternel Parisien","og_description":"\u00c9ternel Parisien, more than a brand \u2013 a philosophy, a signature, a spirit, a Made-in-Paris style. Discover who we are, our principles and our commitments.","og_url":"https:\/\/eternelparisien.fr\/en\/about-ep\/","og_site_name":"\u00c9ternel Parisien","article_publisher":"https:\/\/www.facebook.com\/eternelparisien\/","article_modified_time":"2025-09-04T13:22:46+00:00","twitter_card":"summary_large_image","twitter_misc":{"Est. reading time":"1 minute"},"schema":{"@context":"https:\/\/schema.org","@graph":[{"@type":"WebPage","@id":"https:\/\/eternelparisien.fr\/en\/about-ep\/","url":"https:\/\/eternelparisien.fr\/en\/about-ep\/","name":"the \u00e9.p. brand | \u00c9ternel Parisien","isPartOf":{"@id":"https:\/\/eternelparisien.fr\/en\/#website"},"datePublished":"2019-11-22T20:36:51+00:00","dateModified":"2025-09-04T13:22:46+00:00","description":"\u00c9ternel Parisien, more than a brand \u2013 a philosophy, a signature, a spirit, a Made-in-Paris style. Discover who we are, our principles and our commitments.","breadcrumb":{"@id":"https:\/\/eternelparisien.fr\/en\/about-ep\/#breadcrumb"},"inLanguage":"en-US","potentialAction":[{"@type":"ReadAction","target":["https:\/\/eternelparisien.fr\/en\/about-ep\/"]}]},{"@type":"BreadcrumbList","@id":"https:\/\/eternelparisien.fr\/en\/about-ep\/#breadcrumb","itemListElement":[{"@type":"ListItem","position":1,"name":"Home","item":"https:\/\/eternelparisien.fr\/en\/"},{"@type":"ListItem","position":2,"name":"the \u00e9.p. brand"}]},{"@type":"WebSite","@id":"https:\/\/eternelparisien.fr\/en\/#website","url":"https:\/\/eternelparisien.fr\/en\/","name":"\u00c9ternel Parisien","description":"\u00c9ternel Parisien","publisher":{"@id":"https:\/\/eternelparisien.fr\/en\/#organization"},"potentialAction":[{"@type":"SearchAction","target":{"@type":"EntryPoint","urlTemplate":"https:\/\/eternelparisien.fr\/en\/?s={search_term_string}"},"query-input":{"@type":"PropertyValueSpecification","valueRequired":true,"valueName":"search_term_string"}}],"inLanguage":"en-US"},{"@type":"Organization","@id":"https:\/\/eternelparisien.fr\/en\/#organization","name":"Eternel Parisien","url":"https:\/\/eternelparisien.fr\/en\/","logo":{"@type":"ImageObject","inLanguage":"en-US","@id":"https:\/\/eternelparisien.fr\/en\/#\/schema\/logo\/image\/","url":"https:\/\/local.eternelparisien.fr\/wp-content\/uploads\/2019\/11\/Green-logo-1000.png","contentUrl":"https:\/\/local.eternelparisien.fr\/wp-content\/uploads\/2019\/11\/Green-logo-1000.png","width":1000,"height":1001,"caption":"Eternel Parisien"},"image":{"@id":"https:\/\/eternelparisien.fr\/en\/#\/schema\/logo\/image\/"},"sameAs":["https:\/\/www.facebook.com\/eternelparisien\/","https:\/\/www.instagram.com\/eternelparisien\/","https:\/\/www.linkedin.com\/company\/eternel-parisien"]}]}},"_links":{"self":[{"href":"https:\/\/eternelparisien.fr\/en\/wp-json\/wp\/v2\/pages\/6746","targetHints":{"allow":["GET"]}}],"collection":[{"href":"https:\/\/eternelparisien.fr\/en\/wp-json\/wp\/v2\/pages"}],"about":[{"href":"https:\/\/eternelparisien.fr\/en\/wp-json\/wp\/v2\/types\/page"}],"author":[{"embeddable":true,"href":"https:\/\/eternelparisien.fr\/en\/wp-json\/wp\/v2\/users\/1"}],"replies":[{"embeddable":true,"href":"https:\/\/eternelparisien.fr\/en\/wp-json\/wp\/v2\/comments?post=6746"}],"version-history":[{"count":39,"href":"https:\/\/eternelparisien.fr\/en\/wp-json\/wp\/v2\/pages\/6746\/revisions"}],"predecessor-version":[{"id":12917,"href":"https:\/\/eternelparisien.fr\/en\/wp-json\/wp\/v2\/pages\/6746\/revisions\/12917"}],"wp:attachment":[{"href":"https:\/\/eternelparisien.fr\/en\/wp-json\/wp\/v2\/media?parent=6746"}],"curies":[{"name":"wp","href":"https:\/\/api.w.org\/{rel}","templated":true}]}}